{"id":4673,"date":"2022-02-04T06:49:45","date_gmt":"2022-02-04T06:49:45","guid":{"rendered":"https:\/\/stockboosters.com\/politica-do-rgpd\/"},"modified":"2022-02-04T06:49:45","modified_gmt":"2022-02-04T06:49:45","slug":"politica-do-rgpd","status":"publish","type":"page","link":"https:\/\/stockboosters.com\/pt-pt\/politica-do-rgpd\/","title":{"rendered":"Pol\u00edtica do RGPD"},"content":{"rendered":"<h1>Pol\u00edtica de Privacidade para Pocketoptionreview<\/h1>\n<p>Na Pocketoptionreview, acess\u00edvel a partir de https:\/\/stockboosters.com, uma das nossas principais prioridades \u00e9 a privacidade dos nossos visitantes. Este documento de Pol\u00edtica de Privacidade cont\u00e9m tipos de informa\u00e7\u00e3o que s\u00e3o recolhidas e gravadas pela Pocketoptionreview e como a utilizamos.<\/p>\n<p>Se tiver d\u00favidas adicionais ou necessitar de mais informa\u00e7\u00f5es sobre a nossa Pol\u00edtica de Privacidade, n\u00e3o hesite em contactar-nos. A nossa Pol\u00edtica de Privacidade foi gerada com a ajuda do <a href=\"https:\/\/www.gdprprivacypolicy.net\/\" target=\"_blank\" rel=\"noopener nofollow\">Gerador de Pol\u00edtica de Privacidade do RGPD a partir de GDPRPrivacyPolicy.net<\/a><\/p>\n<h2>Regulamento Geral de Prote\u00e7\u00e3o de Dados (RGPD)<\/h2>\n<p>Somos um Controlador de Dados da sua informa\u00e7\u00e3o.<\/p>\n<p>A base legal de pocketoptionreview para a recolha e utiliza\u00e7\u00e3o das informa\u00e7\u00f5es pessoais descritas nesta Pol\u00edtica de Privacidade depende das Informa\u00e7\u00f5es Pessoais que recolhemos e do contexto espec\u00edfico em que recolhemos as informa\u00e7\u00f5es:<\/p>\n<ul>\n<li>Pocketoptionreview precisa de realizar um contrato consigo<\/li>\n<li>Voc\u00ea deu permiss\u00e3o de Pocketoptionreview para faz\u00ea-lo<\/li>\n<li>O processamento das suas informa\u00e7\u00f5es pessoais est\u00e1 na Pocketoptionreview interesses leg\u00edtimos<\/li>\n<li>Pocketoptionreview precisa cumprir a lei<\/li>\n<\/ul>\n<p>A Pocketoptionreview conservar\u00e1 as suas informa\u00e7\u00f5es pessoais apenas durante o tempo necess\u00e1rio para as finalidades estabelecidas nesta Pol\u00edtica de Privacidade. Conservaremos e utilizaremos as suas informa\u00e7\u00f5es na medida do necess\u00e1rio para cumprir as nossas obriga\u00e7\u00f5es legais, resolver os lit\u00edgios e fazer cumprir as nossas pol\u00edticas.<\/p>\n<p>Se \u00e9 residente do Espa\u00e7o Econ\u00f3mico Europeu (EEE), tem certos direitos de prote\u00e7\u00e3o de dados. Se desejar ser informado das Informa\u00e7\u00f5es Pessoais que temos sobre si e se pretende que seja removida dos nossos sistemas, contacte-nos.<\/p>\n<p>Em determinadas circunst\u00e2ncias, tem os seguintes direitos de prote\u00e7\u00e3o de dados:<\/p>\n<ul>\n<li>O direito de acesso, atualiza\u00e7\u00e3o ou apagar a informa\u00e7\u00e3o que temos sobre si.<\/li>\n<li>O direito de retifica\u00e7\u00e3o.<\/li>\n<li>O direito de se opor.<\/li>\n<li>O direito de restri\u00e7\u00e3o.<\/li>\n<li>O direito \u00e0 portabilidade dos dados<\/li>\n<li>O direito de retirar o consentimento<\/li>\n<\/ul>\n<h2>Ficheiros de registo<\/h2>\n<p>Pocketoptionreview segue um procedimento padr\u00e3o de utiliza\u00e7\u00e3o de ficheiros de registo. Estes ficheiros registam os visitantes quando visitam websites. Todas as empresas de acolhimento fazem isso e fazem parte da an\u00e1lise dos servi\u00e7os de hospedagem. As informa\u00e7\u00f5es recolhidas por ficheiros de registo incluem endere\u00e7os de protocolo de internet (IP), tipo de navegador, Fornecedor de Servi\u00e7os de Internet (ISP), data e hora, p\u00e1ginas de se refere\/sa\u00edda e, possivelmente, o n\u00famero de cliques. Estes n\u00e3o est\u00e3o ligados a qualquer informa\u00e7\u00e3o que seja pessoalmente identific\u00e1vel. O objetivo da informa\u00e7\u00e3o \u00e9 analisar tend\u00eancias, administrar o site, rastrear o movimento dos utilizadores no site e recolher informa\u00e7\u00f5es demogr\u00e1ficas.<\/p>\n<h2>Pol\u00edticas de Privacidade<\/h2>\n<p>Pode consultar esta lista para encontrar a Pol\u00edtica de Privacidade para cada um dos parceiros publicit\u00e1rios da Pocketoptionreview.<\/p>\n<p>Servidores de an\u00fancios de terceiros ou redes de an\u00fancios utilizam tecnologias como cookies, JavaScript ou Web Beacons que s\u00e3o utilizados nos seus respetivos an\u00fancios e links que aparecem na Pocketoptionreview, que s\u00e3o enviadas diretamente para o navegador dos utilizadores. Recebem automaticamente o seu endere\u00e7o IP quando isto ocorre. Estas tecnologias s\u00e3o usadas para medir a efic\u00e1cia das suas campanhas publicit\u00e1rias e\/ou para personalizar os conte\u00fados publicit\u00e1rios que v\u00ea nos websites que visita.<\/p>\n<p>Note que a Pocketoptionreview n\u00e3o tem acesso ou controlo sobre estes cookies que s\u00e3o usados por anunciantes de terceiros.<\/p>\n<h2>Pol\u00edticas de Privacidade de Terceiros<\/h2>\n<p>A Pol\u00edtica de Privacidade da Pocketoptionreview n\u00e3o se aplica a outros anunciantes ou websites. Assim, aconselhamos que consulte as respetivas Pol\u00edticas de Privacidade destes servidores de an\u00fancios de terceiros para obter informa\u00e7\u00f5es mais detalhadas. Pode incluir as suas pr\u00e1ticas e instru\u00e7\u00f5es sobre como excluir determinadas op\u00e7\u00f5es.<\/p>\n<p>Pode optar por desativar os cookies atrav\u00e9s das op\u00e7\u00f5es individuais do navegador. Para saber informa\u00e7\u00f5es mais detalhadas sobre a gest\u00e3o de cookies com navegadores web espec\u00edficos, pode ser encontrado nos respetivos sites dos navegadores.<\/p>\n<h2>Informa\u00e7\u00e3o infantil<\/h2>\n<p>Outra parte da nossa prioridade \u00e9 aumentar a prote\u00e7\u00e3o das crian\u00e7as durante a utiliza\u00e7\u00e3o da internet. Encorajamos os pais e encarregados de seguran\u00e7a a observar, participar e\/ou monitorizar e orientar a sua atividade online.<\/p>\n<p>A Pocketoptionreview n\u00e3o recolhe conscientemente nenhuma Informa\u00e7\u00e3o Pessoal Identific\u00e1vel de crian\u00e7as menores de 13 anos. Se voc\u00ea acha que o seu filho forneceu este tipo de informa\u00e7\u00e3o no nosso site, n\u00f3s o encorajamos a entrar em contato conosco imediatamente e faremos os nossos melhores esfor\u00e7os para remover prontamente tais informa\u00e7\u00f5es dos nossos registos.<\/p>\n<h2>Pol\u00edtica de Privacidade Online Apenas<\/h2>\n<p>A nossa Pol\u00edtica de Privacidade criada no GDPRPrivacyPolicy.net) aplica-se apenas \u00e0s nossas atividades online e \u00e9 v\u00e1lida para os visitantes do nosso website no que diz respeito \u00e0s informa\u00e7\u00f5es que partilham e\/ou recolhem em Pocketoptionreview. Esta pol\u00edtica n\u00e3o \u00e9 aplic\u00e1vel a qualquer informa\u00e7\u00e3o recolhida offline ou atrav\u00e9s de canais que n\u00e3o este website.<\/p>\n<h2>Consentimento<\/h2>\n<p>Ao utilizar o nosso website, voc\u00ea concorda com a nossa Pol\u00edtica de Privacidade e concorda com os seus termos.<\/p>\n","protected":false},"excerpt":{"rendered":"<p>Pol\u00edtica de Privacidade para Pocketoptionreview Na Pocketoptionreview, acess\u00edvel a partir de https:\/\/stockboosters.com, uma das nossas principais prioridades \u00e9 a privacidade dos nossos visitantes. Este documento de Pol\u00edtica de Privacidade cont\u00e9m tipos de informa\u00e7\u00e3o que s\u00e3o recolhidas e gravadas pela Pocketoptionreview e como a utilizamos. Se tiver d\u00favidas adicionais ou necessitar de mais informa\u00e7\u00f5es sobre a [&hellip;]<\/p>\n","protected":false},"author":1,"featured_media":0,"parent":0,"menu_order":0,"comment_status":"closed","ping_status":"closed","template":"","meta":{"footnotes":""},"class_list":["post-4673","page","type-page","status-publish","hentry"],"blocksy_meta":[],"jetpack-related-posts":[{"id":4667,"url":"https:\/\/stockboosters.com\/pt-br\/politica-gdpr\/","url_meta":{"origin":4673,"position":0},"title":"Pol\u00edtica GDPR","author":"Subham","date":"Fevereiro 4, 2022","format":false,"excerpt":"Pol\u00edtica de Privacidade para Pocketoptionreview No Pocketoptionreview, acess\u00edvel em https:\/\/stockboosters.com, uma de nossas principais prioridades \u00e9 a privacidade de nossos visitantes. Este documento de Pol\u00edtica de Privacidade cont\u00e9m tipos de informa\u00e7\u00f5es que s\u00e3o coletadas e registradas pelo Pocketoptionreview e como as usamos. Se voc\u00ea tiver d\u00favidas adicionais ou precisar de\u2026","rel":"","context":"Similar post","block_context":{"text":"Similar post","link":""},"img":{"alt_text":"","src":"","width":0,"height":0},"classes":[]},{"id":4674,"url":"https:\/\/stockboosters.com\/es\/politica-rgpd\/","url_meta":{"origin":4673,"position":1},"title":"Pol\u00edtica RGPD","author":"Subham","date":"Fevereiro 4, 2022","format":false,"excerpt":"Pol\u00edtica de privacidad para Pocketoptionreview En Pocketoptionreview, accesible desde https:\/\/poketoptionreview.org, una de nuestras principales prioridades es la privacidad de nuestros visitantes. Este documento de Pol\u00edtica de privacidad contiene tipos de informaci\u00f3n recopilada y registrada por Pocketoptionreview y c\u00f3mo la usamos. Si tienes preguntas adicionales o requieres m\u00e1s informaci\u00f3n sobre nuestra\u2026","rel":"","context":"Similar post","block_context":{"text":"Similar post","link":""},"img":{"alt_text":"","src":"","width":0,"height":0},"classes":[]},{"id":4475,"url":"https:\/\/stockboosters.com\/pt-pt\/politica-de-privacidade\/","url_meta":{"origin":4673,"position":2},"title":"Pol\u00edtica de Privacidade","author":"Subham","date":"Agosto 5, 2021","format":false,"excerpt":"Quem somos Texto sugerido: O nosso endere\u00e7o de site \u00e9: https:\/\/stockboosters.com. Coment\u00e1rios Texto sugerido: Quando os visitantes deixam coment\u00e1rios no site recolhemos os dados apresentados no formul\u00e1rio de coment\u00e1rios, bem como o endere\u00e7o IP do visitante e o fio do agente do utilizador do navegador para ajudar na dete\u00e7\u00e3o de\u2026","rel":"","context":"Similar post","block_context":{"text":"Similar post","link":""},"img":{"alt_text":"","src":"","width":0,"height":0},"classes":[]},{"id":4472,"url":"https:\/\/stockboosters.com\/pt-br\/politica-de-privacidade\/","url_meta":{"origin":4673,"position":3},"title":"Pol\u00edtica de Privacidade","author":"Subham","date":"Agosto 5, 2021","format":false,"excerpt":"Quem n\u00f3s somos Texto sugerido: O endere\u00e7o do nosso site \u00e9: https:\/\/stockboosters.com. Coment\u00e1rios Texto sugerido: Quando os visitantes deixam coment\u00e1rios no site, coletamos os dados mostrados no formul\u00e1rio de coment\u00e1rios e tamb\u00e9m o endere\u00e7o IP do visitante e a string do agente do usu\u00e1rio do navegador para ajudar na detec\u00e7\u00e3o\u2026","rel":"","context":"Similar post","block_context":{"text":"Similar post","link":""},"img":{"alt_text":"","src":"","width":0,"height":0},"classes":[]},{"id":4510,"url":"https:\/\/stockboosters.com\/pt-pt\/termos-e-condicoes\/","url_meta":{"origin":4673,"position":4},"title":"Termos e Condi\u00e7\u00f5es","author":"Subham","date":"Fevereiro 3, 2022","format":false,"excerpt":"Termos e Condi\u00e7\u00f5es Bem-vindos \u00e0 PocketoptionReview! Estes termos e condi\u00e7\u00f5es delineiam as regras e regulamentos para a utiliza\u00e7\u00e3o do Website da Pocketoptionreview, localizado em stockboosters.com. Ao aceder a este site assumimos que aceita estes termos e condi\u00e7\u00f5es. N\u00e3o continue a utilizar a Pocketoptionreview se n\u00e3o concordar em tomar todos os\u2026","rel":"","context":"Similar post","block_context":{"text":"Similar post","link":""},"img":{"alt_text":"","src":"","width":0,"height":0},"classes":[]},{"id":4500,"url":"https:\/\/stockboosters.com\/pt-br\/termos-e-condicoes\/","url_meta":{"origin":4673,"position":5},"title":"termos e Condi\u00e7\u00f5es","author":"Subham","date":"Fevereiro 3, 2022","format":false,"excerpt":"Termos e Condi\u00e7\u00f5es Bem-vindo ao Pocketoptionreview! Estes termos e condi\u00e7\u00f5es descrevem as regras e regulamentos para o uso do site da Pocketoptionreview, localizado em stockboosters.com. Ao aceder a este website assumimos que aceita estes termos e condi\u00e7\u00f5es. N\u00e3o continue a usar o Pocketoptionreview se n\u00e3o concordar em aceitar todos os\u2026","rel":"","context":"Similar post","block_context":{"text":"Similar post","link":""},"img":{"alt_text":"","src":"","width":0,"height":0},"classes":[]}],"jetpack_sharing_enabled":true,"_links":{"self":[{"href":"https:\/\/stockboosters.com\/pt-pt\/wp-json\/wp\/v2\/pages\/4673","targetHints":{"allow":["GET"]}}],"collection":[{"href":"https:\/\/stockboosters.com\/pt-pt\/wp-json\/wp\/v2\/pages"}],"about":[{"href":"https:\/\/stockboosters.com\/pt-pt\/wp-json\/wp\/v2\/types\/page"}],"author":[{"embeddable":true,"href":"https:\/\/stockboosters.com\/pt-pt\/wp-json\/wp\/v2\/users\/1"}],"replies":[{"embeddable":true,"href":"https:\/\/stockboosters.com\/pt-pt\/wp-json\/wp\/v2\/comments?post=4673"}],"version-history":[{"count":0,"href":"https:\/\/stockboosters.com\/pt-pt\/wp-json\/wp\/v2\/pages\/4673\/revisions"}],"wp:attachment":[{"href":"https:\/\/stockboosters.com\/pt-pt\/wp-json\/wp\/v2\/media?parent=4673"}],"curies":[{"name":"wp","href":"https:\/\/api.w.org\/{rel}","templated":true}]}}