{"id":4667,"date":"2022-02-04T06:49:45","date_gmt":"2022-02-04T06:49:45","guid":{"rendered":"https:\/\/stockboosters.com\/politica-gdpr\/"},"modified":"2022-02-04T06:49:45","modified_gmt":"2022-02-04T06:49:45","slug":"politica-gdpr","status":"publish","type":"page","link":"https:\/\/stockboosters.com\/pt-br\/politica-gdpr\/","title":{"rendered":"Pol\u00edtica GDPR"},"content":{"rendered":"<h1>Pol\u00edtica de Privacidade para Pocketoptionreview<\/h1>\n<p>No Pocketoptionreview, acess\u00edvel em https:\/\/stockboosters.com, uma de nossas principais prioridades \u00e9 a privacidade de nossos visitantes. Este documento de Pol\u00edtica de Privacidade cont\u00e9m tipos de informa\u00e7\u00f5es que s\u00e3o coletadas e registradas pelo Pocketoptionreview e como as usamos.<\/p>\n<p>Se voc\u00ea tiver d\u00favidas adicionais ou precisar de mais informa\u00e7\u00f5es sobre nossa Pol\u00edtica de Privacidade, n\u00e3o hesite em nos contatar. Nossa Pol\u00edtica de Privacidade foi gerada com a ajuda do <a href=\"https:\/\/www.gdprprivacypolicy.net\/\" target=\"_blank\" rel=\"noopener nofollow\">GDPR Privacy Policy Generator de GDPRPrivacyPolicy.net<\/a><\/p>\n<h2>Regulamento Geral de Prote\u00e7\u00e3o de Dados (GDPR)<\/h2>\n<p>Somos um Controlador de Dados de suas informa\u00e7\u00f5es.<\/p>\n<p>A base legal da Pocketoptionreview para coletar e usar as informa\u00e7\u00f5es pessoais descritas nesta Pol\u00edtica de Privacidade depende das Informa\u00e7\u00f5es Pessoais que coletamos e do contexto espec\u00edfico em que coletamos as informa\u00e7\u00f5es:<\/p>\n<ul>\n<li>Pocketoptionreview precisa realizar um contrato com voc\u00ea<\/li>\n<li>Voc\u00ea deu permiss\u00e3o ao Pocketoptionreview para fazer isso<\/li>\n<li>O processamento de suas informa\u00e7\u00f5es pessoais est\u00e1 em Pocketoptionrevisar interesses leg\u00edtimos<\/li>\n<li>Pocketoptionreview precisa estar em conformidade com a lei<\/li>\n<\/ul>\n<p>A Pocketoptionreview reter\u00e1 suas informa\u00e7\u00f5es pessoais apenas pelo tempo necess\u00e1rio para os fins estabelecidos nesta Pol\u00edtica de Privacidade. Reteremos e usaremos suas informa\u00e7\u00f5es na medida do necess\u00e1rio para cumprir nossas obriga\u00e7\u00f5es legais, resolver disputas e aplicar nossas pol\u00edticas.<\/p>\n<p>Se voc\u00ea \u00e9 residente do Espa\u00e7o Econ\u00f4mico Europeu (EEE), tem certos direitos de prote\u00e7\u00e3o de dados. Se voc\u00ea deseja ser informado sobre quais Informa\u00e7\u00f5es Pessoais mantemos sobre voc\u00ea e se deseja que elas sejam removidas de nossos sistemas, entre em contato conosco.<\/p>\n<p>Em determinadas circunst\u00e2ncias, voc\u00ea tem os seguintes direitos de prote\u00e7\u00e3o de dados:<\/p>\n<ul>\n<li>O direito de acessar, atualizar ou excluir as informa\u00e7\u00f5es que temos sobre voc\u00ea.<\/li>\n<li>O direito de retifica\u00e7\u00e3o.<\/li>\n<li>O direito de oposi\u00e7\u00e3o.<\/li>\n<li>O direito de restri\u00e7\u00e3o.<\/li>\n<li>O direito \u00e0 portabilidade de dados<\/li>\n<li>O direito de retirar o consentimento<\/li>\n<\/ul>\n<h2>Arquivos de registro<\/h2>\n<p>O Pocketoptionreview segue um procedimento padr\u00e3o de uso de arquivos de log. Esses arquivos registram os visitantes quando eles visitam sites. Todas as empresas de hospedagem fazem isso e uma parte da an\u00e1lise dos servi\u00e7os de hospedagem. As informa\u00e7\u00f5es coletadas pelos arquivos de log incluem endere\u00e7os de protocolo da Internet (IP), tipo de navegador, provedor de servi\u00e7os de Internet (ISP), carimbo de data e hora, p\u00e1ginas de refer\u00eancia\/sa\u00edda e, possivelmente, o n\u00famero de cliques. Eles n\u00e3o est\u00e3o vinculados a nenhuma informa\u00e7\u00e3o que seja pessoalmente identific\u00e1vel. O objetivo das informa\u00e7\u00f5es \u00e9 analisar tend\u00eancias, administrar o site, rastrear o movimento dos usu\u00e1rios no site e coletar informa\u00e7\u00f5es demogr\u00e1ficas.<\/p>\n<h2>Pol\u00edticas de privacidade<\/h2>\n<p>Voc\u00ea pode consultar esta lista para encontrar a Pol\u00edtica de Privacidade de cada um dos parceiros de publicidade da Pocketoptionreview.<\/p>\n<p>Servidores de an\u00fancios de terceiros ou redes de an\u00fancios usam tecnologias como cookies, JavaScript ou Web Beacons que s\u00e3o usados em seus respectivos an\u00fancios e links que aparecem no Pocketoptionreview, que s\u00e3o enviados diretamente ao navegador dos usu\u00e1rios. Eles recebem automaticamente seu endere\u00e7o IP quando isso ocorre. Essas tecnologias s\u00e3o usadas para medir a efic\u00e1cia de suas campanhas publicit\u00e1rias e\/ou para personalizar o conte\u00fado publicit\u00e1rio que voc\u00ea v\u00ea nos sites que visita.<\/p>\n<p>Observe que Pocketoptionreview n\u00e3o tem acesso ou controle sobre esses cookies que s\u00e3o usados por anunciantes de terceiros.<\/p>\n<h2>Pol\u00edticas de privacidade de terceiros<\/h2>\n<p>A Pol\u00edtica de Privacidade do Pocketoptionreview n\u00e3o se aplica a outros anunciantes ou sites. Assim, aconselhamos que consulte as respectivas Pol\u00edticas de Privacidade desses servidores de an\u00fancios de terceiros para obter informa\u00e7\u00f5es mais detalhadas. Pode incluir suas pr\u00e1ticas e instru\u00e7\u00f5es sobre como desativar determinadas op\u00e7\u00f5es.<\/p>\n<p>Voc\u00ea pode optar por desabilitar os cookies atrav\u00e9s das op\u00e7\u00f5es individuais do seu navegador. Para obter informa\u00e7\u00f5es mais detalhadas sobre a gest\u00e3o de cookies com navegadores espec\u00edficos, pode encontr\u00e1-las nos respetivos sites dos navegadores.<\/p>\n<h2>Informa\u00e7\u00f5es para crian\u00e7as<\/h2>\n<p>Outra parte de nossa prioridade \u00e9 adicionar prote\u00e7\u00e3o para crian\u00e7as enquanto usam a internet. Incentivamos os pais e respons\u00e1veis a observar, participar e\/ou monitorar e orientar suas atividades online.<\/p>\n<p>A Pocketoptionreview n\u00e3o coleta intencionalmente quaisquer Informa\u00e7\u00f5es Pessoais Identific\u00e1veis de crian\u00e7as menores de 13 anos. Se voc\u00ea acha que seu filho forneceu esse tipo de informa\u00e7\u00e3o em nosso site, recomendamos que voc\u00ea entre em contato conosco imediatamente e faremos nossos melhores esfor\u00e7os para remover imediatamente essas informa\u00e7\u00f5es de nossos registros.<\/p>\n<h2>Pol\u00edtica de privacidade on-line apenas<\/h2>\n<p>Nossa Pol\u00edtica de Privacidade criada em GDPRPrivacyPolicy.net) se aplica apenas \u00e0s nossas atividades online e \u00e9 v\u00e1lida para os visitantes do nosso site com rela\u00e7\u00e3o \u00e0s informa\u00e7\u00f5es que eles compartilharam e\/ou coletaram no Pocketoptionreview. Esta pol\u00edtica n\u00e3o se aplica a nenhuma informa\u00e7\u00e3o coletada offline ou por outros canais que n\u00e3o este site.<\/p>\n<h2>Consentimento<\/h2>\n<p>Ao usar nosso site, voc\u00ea concorda com nossa Pol\u00edtica de Privacidade e concorda com seus termos.<\/p>\n","protected":false},"excerpt":{"rendered":"<p>Pol\u00edtica de Privacidade para Pocketoptionreview No Pocketoptionreview, acess\u00edvel em https:\/\/stockboosters.com, uma de nossas principais prioridades \u00e9 a privacidade de nossos visitantes. Este documento de Pol\u00edtica de Privacidade cont\u00e9m tipos de informa\u00e7\u00f5es que s\u00e3o coletadas e registradas pelo Pocketoptionreview e como as usamos. Se voc\u00ea tiver d\u00favidas adicionais ou precisar de mais informa\u00e7\u00f5es sobre nossa Pol\u00edtica [&hellip;]<\/p>\n","protected":false},"author":1,"featured_media":0,"parent":0,"menu_order":0,"comment_status":"closed","ping_status":"closed","template":"","meta":{"footnotes":""},"class_list":["post-4667","page","type-page","status-publish","hentry"],"blocksy_meta":[],"jetpack-related-posts":[{"id":4673,"url":"https:\/\/stockboosters.com\/pt-pt\/politica-do-rgpd\/","url_meta":{"origin":4667,"position":0},"title":"Pol\u00edtica do RGPD","author":"Subham","date":"fevereiro 4, 2022","format":false,"excerpt":"Pol\u00edtica de Privacidade para Pocketoptionreview Na Pocketoptionreview, acess\u00edvel a partir de https:\/\/stockboosters.com, uma das nossas principais prioridades \u00e9 a privacidade dos nossos visitantes. Este documento de Pol\u00edtica de Privacidade cont\u00e9m tipos de informa\u00e7\u00e3o que s\u00e3o recolhidas e gravadas pela Pocketoptionreview e como a utilizamos. Se tiver d\u00favidas adicionais ou necessitar\u2026","rel":"","context":"Post similar","block_context":{"text":"Post similar","link":""},"img":{"alt_text":"","src":"","width":0,"height":0},"classes":[]},{"id":4472,"url":"https:\/\/stockboosters.com\/pt-br\/politica-de-privacidade\/","url_meta":{"origin":4667,"position":1},"title":"Pol\u00edtica de Privacidade","author":"Subham","date":"agosto 5, 2021","format":false,"excerpt":"Quem n\u00f3s somos Texto sugerido: O endere\u00e7o do nosso site \u00e9: https:\/\/stockboosters.com. Coment\u00e1rios Texto sugerido: Quando os visitantes deixam coment\u00e1rios no site, coletamos os dados mostrados no formul\u00e1rio de coment\u00e1rios e tamb\u00e9m o endere\u00e7o IP do visitante e a string do agente do usu\u00e1rio do navegador para ajudar na detec\u00e7\u00e3o\u2026","rel":"","context":"Post similar","block_context":{"text":"Post similar","link":""},"img":{"alt_text":"","src":"","width":0,"height":0},"classes":[]},{"id":4475,"url":"https:\/\/stockboosters.com\/pt-pt\/politica-de-privacidade\/","url_meta":{"origin":4667,"position":2},"title":"Pol\u00edtica de Privacidade","author":"Subham","date":"agosto 5, 2021","format":false,"excerpt":"Quem somos Texto sugerido: O nosso endere\u00e7o de site \u00e9: https:\/\/stockboosters.com. Coment\u00e1rios Texto sugerido: Quando os visitantes deixam coment\u00e1rios no site recolhemos os dados apresentados no formul\u00e1rio de coment\u00e1rios, bem como o endere\u00e7o IP do visitante e o fio do agente do utilizador do navegador para ajudar na dete\u00e7\u00e3o de\u2026","rel":"","context":"Post similar","block_context":{"text":"Post similar","link":""},"img":{"alt_text":"","src":"","width":0,"height":0},"classes":[]},{"id":4500,"url":"https:\/\/stockboosters.com\/pt-br\/termos-e-condicoes\/","url_meta":{"origin":4667,"position":3},"title":"termos e Condi\u00e7\u00f5es","author":"Subham","date":"fevereiro 3, 2022","format":false,"excerpt":"Termos e Condi\u00e7\u00f5es Bem-vindo ao Pocketoptionreview! Estes termos e condi\u00e7\u00f5es descrevem as regras e regulamentos para o uso do site da Pocketoptionreview, localizado em stockboosters.com. Ao aceder a este website assumimos que aceita estes termos e condi\u00e7\u00f5es. N\u00e3o continue a usar o Pocketoptionreview se n\u00e3o concordar em aceitar todos os\u2026","rel":"","context":"Post similar","block_context":{"text":"Post similar","link":""},"img":{"alt_text":"","src":"","width":0,"height":0},"classes":[]},{"id":4510,"url":"https:\/\/stockboosters.com\/pt-pt\/termos-e-condicoes\/","url_meta":{"origin":4667,"position":4},"title":"Termos e Condi\u00e7\u00f5es","author":"Subham","date":"fevereiro 3, 2022","format":false,"excerpt":"Termos e Condi\u00e7\u00f5es Bem-vindos \u00e0 PocketoptionReview! Estes termos e condi\u00e7\u00f5es delineiam as regras e regulamentos para a utiliza\u00e7\u00e3o do Website da Pocketoptionreview, localizado em stockboosters.com. Ao aceder a este site assumimos que aceita estes termos e condi\u00e7\u00f5es. N\u00e3o continue a utilizar a Pocketoptionreview se n\u00e3o concordar em tomar todos os\u2026","rel":"","context":"Post similar","block_context":{"text":"Post similar","link":""},"img":{"alt_text":"","src":"","width":0,"height":0},"classes":[]},{"id":4674,"url":"https:\/\/stockboosters.com\/es\/politica-rgpd\/","url_meta":{"origin":4667,"position":5},"title":"Pol\u00edtica RGPD","author":"Subham","date":"fevereiro 4, 2022","format":false,"excerpt":"Pol\u00edtica de privacidad para Pocketoptionreview En Pocketoptionreview, accesible desde https:\/\/poketoptionreview.org, una de nuestras principales prioridades es la privacidad de nuestros visitantes. Este documento de Pol\u00edtica de privacidad contiene tipos de informaci\u00f3n recopilada y registrada por Pocketoptionreview y c\u00f3mo la usamos. Si tienes preguntas adicionales o requieres m\u00e1s informaci\u00f3n sobre nuestra\u2026","rel":"","context":"Post similar","block_context":{"text":"Post similar","link":""},"img":{"alt_text":"","src":"","width":0,"height":0},"classes":[]}],"jetpack_sharing_enabled":true,"_links":{"self":[{"href":"https:\/\/stockboosters.com\/pt-br\/wp-json\/wp\/v2\/pages\/4667","targetHints":{"allow":["GET"]}}],"collection":[{"href":"https:\/\/stockboosters.com\/pt-br\/wp-json\/wp\/v2\/pages"}],"about":[{"href":"https:\/\/stockboosters.com\/pt-br\/wp-json\/wp\/v2\/types\/page"}],"author":[{"embeddable":true,"href":"https:\/\/stockboosters.com\/pt-br\/wp-json\/wp\/v2\/users\/1"}],"replies":[{"embeddable":true,"href":"https:\/\/stockboosters.com\/pt-br\/wp-json\/wp\/v2\/comments?post=4667"}],"version-history":[{"count":0,"href":"https:\/\/stockboosters.com\/pt-br\/wp-json\/wp\/v2\/pages\/4667\/revisions"}],"wp:attachment":[{"href":"https:\/\/stockboosters.com\/pt-br\/wp-json\/wp\/v2\/media?parent=4667"}],"curies":[{"name":"wp","href":"https:\/\/api.w.org\/{rel}","templated":true}]}}