{"id":4542,"date":"2022-02-03T06:24:34","date_gmt":"2022-02-03T06:24:34","guid":{"rendered":"https:\/\/stockboosters.com\/sobre-nos\/"},"modified":"2022-02-03T06:24:34","modified_gmt":"2022-02-03T06:24:34","slug":"sobre-nos","status":"publish","type":"page","link":"https:\/\/stockboosters.com\/pt-br\/sobre-nos\/","title":{"rendered":"Sobre n\u00f3s"},"content":{"rendered":"<div class=\"container\">\n<div id=\"generatedDoc\" contenteditable=\"true\">\n<p>Bem-vindo ao Pocketoptionreview, estou muito feliz que voc\u00ea chegou ao meu site. Eu sou Subham Sahuwala. O fundador deste site.<\/p>\n<p><img data-recalc-dims=\"1\" fetchpriority=\"high\" decoding=\"async\" class=\"wp-image-502 size-full aligncenter\" src=\"https:\/\/i0.wp.com\/stockboosters.com\/wp-content\/uploads\/2022\/02\/Screenshot-18.png?resize=250%2C247&#038;ssl=1\" alt=\"\" width=\"250\" height=\"247\" srcset=\"https:\/\/i0.wp.com\/stockboosters.com\/wp-content\/uploads\/2022\/02\/Screenshot-18.png?w=250&amp;ssl=1 250w, https:\/\/i0.wp.com\/stockboosters.com\/wp-content\/uploads\/2022\/02\/Screenshot-18.png?resize=150%2C148&amp;ssl=1 150w\" sizes=\"(max-width: 250px) 100vw, 250px\" \/><\/p>\n<\/div>\n<\/div>\n<div class=\"container disclaimer\">Comecei minha carreira comercial em 2017. Desde ent\u00e3o, cometi muitos erros e perdas, no entanto, tenho a sorte de fazer minha carreira na negocia\u00e7\u00e3o e meu objetivo \u00e9 ajud\u00e1-lo e orient\u00e1-lo a evitar erros que cometi.<\/div>\n<div><\/div>\n<div>Espero que voc\u00ea ame meu trabalho e este site ir\u00e1 ajud\u00e1-lo a alcan\u00e7ar seus sonhos.<\/div>\n<div><\/div>\n<div>Agradecendo voc\u00ea,<\/div>\n<div>Subham Sahuwala<\/div>\n","protected":false},"excerpt":{"rendered":"<p>Bem-vindo ao Pocketoptionreview, estou muito feliz que voc\u00ea chegou ao meu site. Eu sou Subham Sahuwala. O fundador deste site. Comecei minha carreira comercial em 2017. Desde ent\u00e3o, cometi muitos erros e perdas, no entanto, tenho a sorte de fazer minha carreira na negocia\u00e7\u00e3o e meu objetivo \u00e9 ajud\u00e1-lo e orient\u00e1-lo a evitar erros que [&hellip;]<\/p>\n","protected":false},"author":1,"featured_media":0,"parent":0,"menu_order":0,"comment_status":"closed","ping_status":"closed","template":"","meta":{"footnotes":""},"class_list":["post-4542","page","type-page","status-publish","hentry"],"blocksy_meta":[],"jetpack-related-posts":[{"id":4551,"url":"https:\/\/stockboosters.com\/pt-pt\/quem-somos\/","url_meta":{"origin":4542,"position":0},"title":"Quem somos","author":"Subham","date":"fevereiro 3, 2022","format":false,"excerpt":"Bem-vindos \u00e0 Pocketoptionreview, estou muito feliz por teres aterrado no meu site. Sou Subham Sahuwala. O fundador deste site. Iniciei a minha carreira comercial em 2017. Desde ent\u00e3o, cometi muitos erros e perdas, no entanto, tenho a sorte de fazer a minha carreira no com\u00e9rcio e o meu objetivo \u00e9\u2026","rel":"","context":"Post similar","block_context":{"text":"Post similar","link":""},"img":{"alt_text":"","src":"https:\/\/i0.wp.com\/stockboosters.com\/wp-content\/uploads\/2022\/02\/Screenshot-18.png?resize=350%2C200&ssl=1","width":350,"height":200},"classes":[]},{"id":4522,"url":"https:\/\/stockboosters.com\/it\/chi-siamo\/","url_meta":{"origin":4542,"position":1},"title":"Chi siamo","author":"Subham","date":"fevereiro 3, 2022","format":false,"excerpt":"Benvenuto su Pocketoptionreview, sono molto felice che tu sia atterrato sul mio sito web. Sono Subham Sahuwala. Il fondatore di questo sito. Ho iniziato la mia carriera nel trading nel 2017. Da allora, ho commesso molti errori e perdite, tuttavia, sono abbastanza fortunato da fare la mia carriera nel trading\u2026","rel":"","context":"Post similar","block_context":{"text":"Post similar","link":""},"img":{"alt_text":"","src":"https:\/\/i0.wp.com\/stockboosters.com\/wp-content\/uploads\/2022\/02\/Screenshot-18.png?resize=350%2C200&ssl=1","width":350,"height":200},"classes":[]},{"id":4538,"url":"https:\/\/stockboosters.com\/es\/sobre-nosotros\/","url_meta":{"origin":4542,"position":2},"title":"Sobre nosotros","author":"Subham","date":"fevereiro 3, 2022","format":false,"excerpt":"Bienvenido a Pocketoptionreview, estoy muy feliz de que haya aterrizado en mi sitio web. Soy Subham Sahuwala. El fundador de este sitio. Comenc\u00e9 mi carrera comercial en 2017. Desde entonces, comet\u00ed muchos errores y p\u00e9rdidas. Sin embargo, tengo la suerte de hacer mi carrera en el comercio y mi objetivo\u2026","rel":"","context":"Post similar","block_context":{"text":"Post similar","link":""},"img":{"alt_text":"","src":"https:\/\/i0.wp.com\/stockboosters.com\/wp-content\/uploads\/2022\/02\/Screenshot-18.png?resize=350%2C200&ssl=1","width":350,"height":200},"classes":[]},{"id":4525,"url":"https:\/\/stockboosters.com\/vi\/ve-chung-toi\/","url_meta":{"origin":4542,"position":3},"title":"V\u1ec1 ch\u00fang t\u00f4i","author":"Subham","date":"fevereiro 3, 2022","format":false,"excerpt":"Ch\u00e0o m\u1eebng b\u1ea1n \u0111\u1ebfn v\u1edbi Pocketoptionreview, t\u00f4i r\u1ea5t vui v\u00ec b\u1ea1n \u0111\u00e3 truy c\u1eadp v\u00e0o trang web c\u1ee7a t\u00f4i. T\u00f4i l\u00e0 Subham Sahuwala. Ng\u01b0\u1eddi s\u00e1ng l\u1eadp trang web n\u00e0y. T\u00f4i b\u1eaft \u0111\u1ea7u s\u1ef1 nghi\u1ec7p giao d\u1ecbch c\u1ee7a m\u00ecnh v\u00e0o n\u0103m 2017. K\u1ec3 t\u1eeb \u0111\u00f3, t\u00f4i \u0111\u00e3 m\u1eafc r\u1ea5t nhi\u1ec1u sai\u2026","rel":"","context":"Post similar","block_context":{"text":"Post similar","link":""},"img":{"alt_text":"","src":"https:\/\/i0.wp.com\/stockboosters.com\/wp-content\/uploads\/2022\/02\/Screenshot-18.png?resize=350%2C200&ssl=1","width":350,"height":200},"classes":[]},{"id":4539,"url":"https:\/\/stockboosters.com\/tr\/hakkimizda\/","url_meta":{"origin":4542,"position":4},"title":"Hakk\u0131m\u0131zda","author":"Subham","date":"fevereiro 3, 2022","format":false,"excerpt":"Pocketoptionreview'e ho\u015f geldiniz, web siteme girdi\u011finiz i\u00e7in \u00e7ok mutluyum. Ben Subham Sahuwala. Bu sitenin kurucusu. Ticaret kariyerime 2017 y\u0131l\u0131nda ba\u015flad\u0131m. O zamandan beri bir\u00e7ok hata ve kay\u0131p yapt\u0131m, ancak kariyerimi ticarette yapacak kadar \u015fansl\u0131y\u0131m ve amac\u0131m size yard\u0131m etmek ve yapt\u0131\u011f\u0131m hatalardan ka\u00e7\u0131nman\u0131z i\u00e7in size rehberlik etmek. Umar\u0131m i\u015fimi seversiniz\u2026","rel":"","context":"Post similar","block_context":{"text":"Post similar","link":""},"img":{"alt_text":"","src":"https:\/\/i0.wp.com\/stockboosters.com\/wp-content\/uploads\/2022\/02\/Screenshot-18.png?resize=350%2C200&ssl=1","width":350,"height":200},"classes":[]},{"id":4544,"url":"https:\/\/stockboosters.com\/fr\/a-propos-de-nous\/","url_meta":{"origin":4542,"position":5},"title":"\u00c0 propos de nous","author":"Subham","date":"fevereiro 3, 2022","format":false,"excerpt":"Bienvenue sur Pocketoptionreview, je suis tr\u00e8s heureux que vous ayez atterri sur mon site Web. Je suis Subham Sahuwala. Le fondateur de ce site. J'ai commenc\u00e9 ma carri\u00e8re commerciale en 2017. Depuis, j'ai fait beaucoup d'erreurs et de pertes, cependant, j'ai la chance de faire carri\u00e8re dans le trading et\u2026","rel":"","context":"Post similar","block_context":{"text":"Post similar","link":""},"img":{"alt_text":"","src":"https:\/\/i0.wp.com\/stockboosters.com\/wp-content\/uploads\/2022\/02\/Screenshot-18.png?resize=350%2C200&ssl=1","width":350,"height":200},"classes":[]}],"jetpack_sharing_enabled":true,"_links":{"self":[{"href":"https:\/\/stockboosters.com\/pt-br\/wp-json\/wp\/v2\/pages\/4542","targetHints":{"allow":["GET"]}}],"collection":[{"href":"https:\/\/stockboosters.com\/pt-br\/wp-json\/wp\/v2\/pages"}],"about":[{"href":"https:\/\/stockboosters.com\/pt-br\/wp-json\/wp\/v2\/types\/page"}],"author":[{"embeddable":true,"href":"https:\/\/stockboosters.com\/pt-br\/wp-json\/wp\/v2\/users\/1"}],"replies":[{"embeddable":true,"href":"https:\/\/stockboosters.com\/pt-br\/wp-json\/wp\/v2\/comments?post=4542"}],"version-history":[{"count":0,"href":"https:\/\/stockboosters.com\/pt-br\/wp-json\/wp\/v2\/pages\/4542\/revisions"}],"wp:attachment":[{"href":"https:\/\/stockboosters.com\/pt-br\/wp-json\/wp\/v2\/media?parent=4542"}],"curies":[{"name":"wp","href":"https:\/\/api.w.org\/{rel}","templated":true}]}}