{"id":4472,"date":"2021-08-05T06:22:19","date_gmt":"2021-08-05T06:22:19","guid":{"rendered":"https:\/\/stockboosters.com\/politica-de-privacidade\/"},"modified":"2021-08-05T06:22:19","modified_gmt":"2021-08-05T06:22:19","slug":"politica-de-privacidade","status":"publish","type":"page","link":"https:\/\/stockboosters.com\/pt-br\/politica-de-privacidade\/","title":{"rendered":"Pol\u00edtica de Privacidade"},"content":{"rendered":"\n<h2 class=\"wp-block-heading\">Quem n\u00f3s somos<\/h2>\n\n\n\n<p><strong class=\"privacy-policy-tutorial\">Texto sugerido:<\/strong> O endere\u00e7o do nosso site \u00e9: https:\/\/stockboosters.com.<\/p>\n\n\n\n<h2 class=\"wp-block-heading\">Coment\u00e1rios<\/h2>\n\n\n\n<p><strong class=\"privacy-policy-tutorial\">Texto sugerido:<\/strong> Quando os visitantes deixam coment\u00e1rios no site, coletamos os dados mostrados no formul\u00e1rio de coment\u00e1rios e tamb\u00e9m o endere\u00e7o IP do visitante e a string do agente do usu\u00e1rio do navegador para ajudar na detec\u00e7\u00e3o de spam.<\/p>\n\n\n\n<p>Uma string an\u00f4nima criada a partir do seu endere\u00e7o de e-mail (tamb\u00e9m chamado de hash) pode ser fornecida ao servi\u00e7o Gravatar para verificar se voc\u00ea o est\u00e1 usando. A pol\u00edtica de privacidade do servi\u00e7o Gravatar est\u00e1 dispon\u00edvel aqui: https:\/\/automattic.com\/privacy\/. Ap\u00f3s a aprova\u00e7\u00e3o do seu coment\u00e1rio, sua foto de perfil fica vis\u00edvel ao p\u00fablico no contexto do seu coment\u00e1rio.<\/p>\n\n\n\n<h2 class=\"wp-block-heading\">meios de comunica\u00e7\u00e3o<\/h2>\n\n\n\n<p><strong class=\"privacy-policy-tutorial\">Texto sugerido:<\/strong> Se voc\u00ea enviar imagens para o site, evite enviar imagens com dados de localiza\u00e7\u00e3o incorporados (EXIF GPS) inclu\u00eddos. Os visitantes do site podem baixar e extrair quaisquer dados de localiza\u00e7\u00e3o das imagens no site.<\/p>\n\n\n\n<h2 class=\"wp-block-heading\">Biscoitos<\/h2>\n\n\n\n<p><strong class=\"privacy-policy-tutorial\">Texto sugerido:<\/strong> Se voc\u00ea deixar um coment\u00e1rio em nosso site, poder\u00e1 optar por salvar seu nome, endere\u00e7o de e-mail e site nos cookies. Estes s\u00e3o para sua conveni\u00eancia, para que voc\u00ea n\u00e3o precise preencher seus dados novamente quando deixar outro coment\u00e1rio. Esses cookies duram um ano.<\/p>\n\n\n\n<p>Se voc\u00ea visitar nossa p\u00e1gina de login, definiremos um cookie tempor\u00e1rio para determinar se seu navegador aceita cookies. Este cookie n\u00e3o cont\u00e9m dados pessoais e \u00e9 descartado quando voc\u00ea fecha o navegador.<\/p>\n\n\n\n<p>Quando voc\u00ea fizer login, tamb\u00e9m configuraremos v\u00e1rios cookies para salvar suas informa\u00e7\u00f5es de login e suas op\u00e7\u00f5es de exibi\u00e7\u00e3o na tela. Os cookies de login duram dois dias e os cookies de op\u00e7\u00f5es de tela duram um ano. Se voc\u00ea selecionar &#8220;Lembrar-me&#8221;, seu login persistir\u00e1 por duas semanas. Se voc\u00ea sair da sua conta, os cookies de login ser\u00e3o removidos.<\/p>\n\n\n\n<p>Se voc\u00ea editar ou publicar um artigo, um cookie adicional ser\u00e1 salvo em seu navegador. Este cookie n\u00e3o inclui dados pessoais e simplesmente indica o ID da postagem do artigo que voc\u00ea acabou de editar. Ele expira ap\u00f3s 1 dia.<\/p>\n\n\n\n<h2 class=\"wp-block-heading\">Conte\u00fado incorporado de outros sites<\/h2>\n\n\n\n<p><strong class=\"privacy-policy-tutorial\">Texto sugerido:<\/strong> Os artigos deste site podem incluir conte\u00fado incorporado (por exemplo, v\u00eddeos, imagens, artigos, etc.). O conte\u00fado incorporado de outros sites se comporta exatamente da mesma maneira como se o visitante tivesse visitado o outro site.<\/p>\n\n\n\n<p>Esses sites podem coletar dados sobre voc\u00ea, usar cookies, incorporar rastreamento adicional de terceiros e monitorar sua intera\u00e7\u00e3o com esse conte\u00fado incorporado, incluindo o rastreamento de sua intera\u00e7\u00e3o com o conte\u00fado incorporado se voc\u00ea tiver uma conta e estiver conectado a esse site.<\/p>\n\n\n\n<h2 class=\"wp-block-heading\">Com quem compartilhamos seus dados<\/h2>\n\n\n\n<p><strong class=\"privacy-policy-tutorial\">Texto sugerido:<\/strong> Se voc\u00ea solicitar uma redefini\u00e7\u00e3o de senha, seu endere\u00e7o IP ser\u00e1 inclu\u00eddo no e-mail de redefini\u00e7\u00e3o.<\/p>\n\n\n\n<h2 class=\"wp-block-heading\">Por quanto tempo retemos seus dados<\/h2>\n\n\n\n<p><strong class=\"privacy-policy-tutorial\">Texto sugerido:<\/strong> Se voc\u00ea deixar um coment\u00e1rio, o coment\u00e1rio e seus metadados ser\u00e3o retidos indefinidamente. Isso \u00e9 para que possamos reconhecer e aprovar quaisquer coment\u00e1rios de acompanhamento automaticamente, em vez de mant\u00ea-los em uma fila de modera\u00e7\u00e3o.<\/p>\n\n\n\n<p>Para usu\u00e1rios que se registram em nosso site (se houver), tamb\u00e9m armazenamos as informa\u00e7\u00f5es pessoais que eles fornecem em seu perfil de usu\u00e1rio. Todos os usu\u00e1rios podem ver, editar ou excluir suas informa\u00e7\u00f5es pessoais a qualquer momento (exceto que n\u00e3o podem alterar seu nome de usu\u00e1rio). Os administradores do site tamb\u00e9m podem ver e editar essas informa\u00e7\u00f5es.<\/p>\n\n\n\n<h2 class=\"wp-block-heading\">Quais direitos voc\u00ea tem sobre seus dados<\/h2>\n\n\n\n<p><strong class=\"privacy-policy-tutorial\">Texto sugerido:<\/strong> Se voc\u00ea possui uma conta neste site ou deixou coment\u00e1rios, pode solicitar o recebimento de um arquivo exportado dos dados pessoais que mantemos sobre voc\u00ea, incluindo quaisquer dados que voc\u00ea nos forneceu. Voc\u00ea tamb\u00e9m pode solicitar que apaguemos quaisquer dados pessoais que mantemos sobre voc\u00ea. Isso n\u00e3o inclui quaisquer dados que somos obrigados a manter para fins administrativos, legais ou de seguran\u00e7a.<\/p>\n\n\n\n<h2 class=\"wp-block-heading\">Para onde enviamos seus dados<\/h2>\n\n\n\n<p><strong class=\"privacy-policy-tutorial\">Texto sugerido:<\/strong> Os coment\u00e1rios dos visitantes podem ser verificados por meio de um servi\u00e7o automatizado de detec\u00e7\u00e3o de spam.<\/p>\n","protected":false},"excerpt":{"rendered":"<p>Quem n\u00f3s somos Texto sugerido: O endere\u00e7o do nosso site \u00e9: https:\/\/stockboosters.com. Coment\u00e1rios Texto sugerido: Quando os visitantes deixam coment\u00e1rios no site, coletamos os dados mostrados no formul\u00e1rio de coment\u00e1rios e tamb\u00e9m o endere\u00e7o IP do visitante e a string do agente do usu\u00e1rio do navegador para ajudar na detec\u00e7\u00e3o de spam. Uma string an\u00f4nima [&hellip;]<\/p>\n","protected":false},"author":1,"featured_media":0,"parent":0,"menu_order":0,"comment_status":"closed","ping_status":"open","template":"","meta":{"footnotes":""},"class_list":["post-4472","page","type-page","status-publish","hentry"],"blocksy_meta":[],"jetpack-related-posts":[{"id":4475,"url":"https:\/\/stockboosters.com\/pt-pt\/politica-de-privacidade\/","url_meta":{"origin":4472,"position":0},"title":"Pol\u00edtica de Privacidade","author":"Subham","date":"agosto 5, 2021","format":false,"excerpt":"Quem somos Texto sugerido: O nosso endere\u00e7o de site \u00e9: https:\/\/stockboosters.com. Coment\u00e1rios Texto sugerido: Quando os visitantes deixam coment\u00e1rios no site recolhemos os dados apresentados no formul\u00e1rio de coment\u00e1rios, bem como o endere\u00e7o IP do visitante e o fio do agente do utilizador do navegador para ajudar na dete\u00e7\u00e3o de\u2026","rel":"","context":"Post similar","block_context":{"text":"Post similar","link":""},"img":{"alt_text":"","src":"","width":0,"height":0},"classes":[]},{"id":4471,"url":"https:\/\/stockboosters.com\/es\/politica-de-privacidad\/","url_meta":{"origin":4472,"position":1},"title":"Pol\u00edtica de privacidad","author":"Subham","date":"agosto 5, 2021","format":false,"excerpt":"Quienes somos Texto sugerido: La direcci\u00f3n de nuestro sitio web es: https:\/\/stockboosters.com. Comentarios Texto sugerido: cuando los visitantes dejan comentarios en el sitio, recopilamos los datos que se muestran en el formulario de comentarios, y tambi\u00e9n la direcci\u00f3n IP del visitante y la cadena del agente de usuario del navegador\u2026","rel":"","context":"Post similar","block_context":{"text":"Post similar","link":""},"img":{"alt_text":"","src":"","width":0,"height":0},"classes":[]},{"id":4667,"url":"https:\/\/stockboosters.com\/pt-br\/politica-gdpr\/","url_meta":{"origin":4472,"position":2},"title":"Pol\u00edtica GDPR","author":"Subham","date":"fevereiro 4, 2022","format":false,"excerpt":"Pol\u00edtica de Privacidade para Pocketoptionreview No Pocketoptionreview, acess\u00edvel em https:\/\/stockboosters.com, uma de nossas principais prioridades \u00e9 a privacidade de nossos visitantes. Este documento de Pol\u00edtica de Privacidade cont\u00e9m tipos de informa\u00e7\u00f5es que s\u00e3o coletadas e registradas pelo Pocketoptionreview e como as usamos. Se voc\u00ea tiver d\u00favidas adicionais ou precisar de\u2026","rel":"","context":"Post similar","block_context":{"text":"Post similar","link":""},"img":{"alt_text":"","src":"","width":0,"height":0},"classes":[]},{"id":4510,"url":"https:\/\/stockboosters.com\/pt-pt\/termos-e-condicoes\/","url_meta":{"origin":4472,"position":3},"title":"Termos e Condi\u00e7\u00f5es","author":"Subham","date":"fevereiro 3, 2022","format":false,"excerpt":"Termos e Condi\u00e7\u00f5es Bem-vindos \u00e0 PocketoptionReview! Estes termos e condi\u00e7\u00f5es delineiam as regras e regulamentos para a utiliza\u00e7\u00e3o do Website da Pocketoptionreview, localizado em stockboosters.com. Ao aceder a este site assumimos que aceita estes termos e condi\u00e7\u00f5es. N\u00e3o continue a utilizar a Pocketoptionreview se n\u00e3o concordar em tomar todos os\u2026","rel":"","context":"Post similar","block_context":{"text":"Post similar","link":""},"img":{"alt_text":"","src":"","width":0,"height":0},"classes":[]},{"id":4500,"url":"https:\/\/stockboosters.com\/pt-br\/termos-e-condicoes\/","url_meta":{"origin":4472,"position":4},"title":"termos e Condi\u00e7\u00f5es","author":"Subham","date":"fevereiro 3, 2022","format":false,"excerpt":"Termos e Condi\u00e7\u00f5es Bem-vindo ao Pocketoptionreview! Estes termos e condi\u00e7\u00f5es descrevem as regras e regulamentos para o uso do site da Pocketoptionreview, localizado em stockboosters.com. Ao aceder a este website assumimos que aceita estes termos e condi\u00e7\u00f5es. N\u00e3o continue a usar o Pocketoptionreview se n\u00e3o concordar em aceitar todos os\u2026","rel":"","context":"Post similar","block_context":{"text":"Post similar","link":""},"img":{"alt_text":"","src":"","width":0,"height":0},"classes":[]},{"id":4673,"url":"https:\/\/stockboosters.com\/pt-pt\/politica-do-rgpd\/","url_meta":{"origin":4472,"position":5},"title":"Pol\u00edtica do RGPD","author":"Subham","date":"fevereiro 4, 2022","format":false,"excerpt":"Pol\u00edtica de Privacidade para Pocketoptionreview Na Pocketoptionreview, acess\u00edvel a partir de https:\/\/stockboosters.com, uma das nossas principais prioridades \u00e9 a privacidade dos nossos visitantes. Este documento de Pol\u00edtica de Privacidade cont\u00e9m tipos de informa\u00e7\u00e3o que s\u00e3o recolhidas e gravadas pela Pocketoptionreview e como a utilizamos. Se tiver d\u00favidas adicionais ou necessitar\u2026","rel":"","context":"Post similar","block_context":{"text":"Post similar","link":""},"img":{"alt_text":"","src":"","width":0,"height":0},"classes":[]}],"jetpack_sharing_enabled":true,"_links":{"self":[{"href":"https:\/\/stockboosters.com\/pt-br\/wp-json\/wp\/v2\/pages\/4472","targetHints":{"allow":["GET"]}}],"collection":[{"href":"https:\/\/stockboosters.com\/pt-br\/wp-json\/wp\/v2\/pages"}],"about":[{"href":"https:\/\/stockboosters.com\/pt-br\/wp-json\/wp\/v2\/types\/page"}],"author":[{"embeddable":true,"href":"https:\/\/stockboosters.com\/pt-br\/wp-json\/wp\/v2\/users\/1"}],"replies":[{"embeddable":true,"href":"https:\/\/stockboosters.com\/pt-br\/wp-json\/wp\/v2\/comments?post=4472"}],"version-history":[{"count":0,"href":"https:\/\/stockboosters.com\/pt-br\/wp-json\/wp\/v2\/pages\/4472\/revisions"}],"wp:attachment":[{"href":"https:\/\/stockboosters.com\/pt-br\/wp-json\/wp\/v2\/media?parent=4472"}],"curies":[{"name":"wp","href":"https:\/\/api.w.org\/{rel}","templated":true}]}}